{"id":2597,"date":"2023-07-10T13:25:37","date_gmt":"2023-07-10T13:25:37","guid":{"rendered":"https:\/\/galeriabelmonte.com\/return-policy\/"},"modified":"2023-07-10T13:25:37","modified_gmt":"2023-07-10T13:25:37","slug":"return-policy","status":"publish","type":"page","link":"https:\/\/galeriabelmonte.com\/en\/return-policy\/","title":{"rendered":"Return Policy"},"content":{"rendered":"\t\t<div data-elementor-type=\"wp-page\" data-elementor-id=\"2597\" class=\"elementor elementor-2597 elementor-9\" data-elementor-post-type=\"page\">\n\t\t\t\t\t\t<section class=\"elementor-section elementor-top-section elementor-element elementor-element-5df823b8 elementor-section-full_width elementor-section-height-min-height elementor-section-items-top elementor-section-height-default\" data-id=\"5df823b8\" data-element_type=\"section\">\n\t\t\t\t\t\t<div class=\"elementor-container elementor-column-gap-default\">\n\t\t\t\t\t<div class=\"elementor-column elementor-col-100 elementor-top-column elementor-element elementor-element-3525cc6\" data-id=\"3525cc6\" data-element_type=\"column\">\n\t\t\t<div class=\"elementor-widget-wrap elementor-element-populated\">\n\t\t\t\t\t\t<div class=\"elementor-element elementor-element-c78db67 elementor-widget elementor-widget-text-editor\" data-id=\"c78db67\" data-element_type=\"widget\" data-widget_type=\"text-editor.default\">\n\t\t\t\t<div class=\"elementor-widget-container\">\n\t\t\t\t\t\t\t\t\t\n<p>No realizamos env\u00edos internacionales por el momento. &nbsp;Por favor, ten en cuenta que los productos de Swan Salon est\u00e1n hechos &nbsp;a mano por demanda previa. Todos los art\u00edculos no se pueden devolver &nbsp;ni cambiar.<\/p>\n\t\t\t\t\t\t\t\t<\/div>\n\t\t\t\t<\/div>\n\t\t\t\t\t<\/div>\n\t\t<\/div>\n\t\t\t\t\t<\/div>\n\t\t<\/section>\n\t\t\t\t<\/div>\n\t\t","protected":false},"excerpt":{"rendered":"<p>We do not currently offer international shipping. &nbsp;Please note that Galeria Belmonte products are &nbsp;handmade to order. All items are non-returnable &nbsp;and non-exchangeable.<\/p>\n","protected":false},"author":1,"featured_media":0,"parent":0,"menu_order":0,"comment_status":"closed","ping_status":"closed","template":"","meta":{"footnotes":""},"class_list":["post-2597","page","type-page","status-publish","hentry"],"acf":[],"yoast_head":"<!-- This site is optimized with the Yoast SEO plugin v27.5 - https:\/\/yoast.com\/product\/yoast-seo-wordpress\/ -->\n<title>Return Policy - Belmonte<\/title>\n<meta name=\"robots\" content=\"index, follow, max-snippet:-1, max-image-preview:large, max-video-preview:-1\" \/>\n<link rel=\"canonical\" href=\"https:\/\/galeriabelmonte.com\/return-policy\/\" \/>\n<meta property=\"og:locale\" content=\"en_US\" \/>\n<meta property=\"og:type\" content=\"article\" \/>\n<meta property=\"og:title\" content=\"Return Policy - Belmonte\" \/>\n<meta property=\"og:description\" content=\"We do not currently offer international shipping. &nbsp;Please note that Galeria Belmonte products are &nbsp;handmade to order. All items are non-returnable &nbsp;and non-exchangeable.\" \/>\n<meta property=\"og:url\" content=\"https:\/\/galeriabelmonte.com\/return-policy\/\" \/>\n<meta property=\"og:site_name\" content=\"Belmonte\" \/>\n<meta name=\"twitter:card\" content=\"summary_large_image\" \/>\n<script type=\"application\/ld+json\" class=\"yoast-schema-graph\">{\"@context\":\"https:\\\/\\\/schema.org\",\"@graph\":[{\"@type\":\"WebPage\",\"@id\":\"https:\\\/\\\/galeriabelmonte.com\\\/return-policy\\\/\",\"url\":\"https:\\\/\\\/galeriabelmonte.com\\\/return-policy\\\/\",\"name\":\"Return Policy - Belmonte\",\"isPartOf\":{\"@id\":\"https:\\\/\\\/galeriabelmonte.com\\\/#website\"},\"datePublished\":\"2023-07-10T13:25:37+00:00\",\"breadcrumb\":{\"@id\":\"https:\\\/\\\/galeriabelmonte.com\\\/return-policy\\\/#breadcrumb\"},\"inLanguage\":\"en-US\",\"potentialAction\":[{\"@type\":\"ReadAction\",\"target\":[\"https:\\\/\\\/galeriabelmonte.com\\\/return-policy\\\/\"]}]},{\"@type\":\"BreadcrumbList\",\"@id\":\"https:\\\/\\\/galeriabelmonte.com\\\/return-policy\\\/#breadcrumb\",\"itemListElement\":[{\"@type\":\"ListItem\",\"position\":1,\"name\":\"Home\",\"item\":\"https:\\\/\\\/galeriabelmonte.com\\\/en\\\/\"},{\"@type\":\"ListItem\",\"position\":2,\"name\":\"Return Policy\"}]},{\"@type\":\"WebSite\",\"@id\":\"https:\\\/\\\/galeriabelmonte.com\\\/#website\",\"url\":\"https:\\\/\\\/galeriabelmonte.com\\\/\",\"name\":\"Belmonte\",\"description\":\"Galer\u00eda de arte contempor\u00e1neo emergente en Madrid\",\"potentialAction\":[{\"@type\":\"SearchAction\",\"target\":{\"@type\":\"EntryPoint\",\"urlTemplate\":\"https:\\\/\\\/galeriabelmonte.com\\\/?s={search_term_string}\"},\"query-input\":{\"@type\":\"PropertyValueSpecification\",\"valueRequired\":true,\"valueName\":\"search_term_string\"}}],\"inLanguage\":\"en-US\"}]}<\/script>\n<!-- \/ Yoast SEO plugin. -->","yoast_head_json":{"title":"Return Policy - Belmonte","robots":{"index":"index","follow":"follow","max-snippet":"max-snippet:-1","max-image-preview":"max-image-preview:large","max-video-preview":"max-video-preview:-1"},"canonical":"https:\/\/galeriabelmonte.com\/return-policy\/","og_locale":"en_US","og_type":"article","og_title":"Return Policy - Belmonte","og_description":"We do not currently offer international shipping. &nbsp;Please note that Galeria Belmonte products are &nbsp;handmade to order. All items are non-returnable &nbsp;and non-exchangeable.","og_url":"https:\/\/galeriabelmonte.com\/return-policy\/","og_site_name":"Belmonte","twitter_card":"summary_large_image","schema":{"@context":"https:\/\/schema.org","@graph":[{"@type":"WebPage","@id":"https:\/\/galeriabelmonte.com\/return-policy\/","url":"https:\/\/galeriabelmonte.com\/return-policy\/","name":"Return Policy - Belmonte","isPartOf":{"@id":"https:\/\/galeriabelmonte.com\/#website"},"datePublished":"2023-07-10T13:25:37+00:00","breadcrumb":{"@id":"https:\/\/galeriabelmonte.com\/return-policy\/#breadcrumb"},"inLanguage":"en-US","potentialAction":[{"@type":"ReadAction","target":["https:\/\/galeriabelmonte.com\/return-policy\/"]}]},{"@type":"BreadcrumbList","@id":"https:\/\/galeriabelmonte.com\/return-policy\/#breadcrumb","itemListElement":[{"@type":"ListItem","position":1,"name":"Home","item":"https:\/\/galeriabelmonte.com\/en\/"},{"@type":"ListItem","position":2,"name":"Return Policy"}]},{"@type":"WebSite","@id":"https:\/\/galeriabelmonte.com\/#website","url":"https:\/\/galeriabelmonte.com\/","name":"Belmonte","description":"Galer\u00eda de arte contempor\u00e1neo emergente en Madrid","potentialAction":[{"@type":"SearchAction","target":{"@type":"EntryPoint","urlTemplate":"https:\/\/galeriabelmonte.com\/?s={search_term_string}"},"query-input":{"@type":"PropertyValueSpecification","valueRequired":true,"valueName":"search_term_string"}}],"inLanguage":"en-US"}]}},"_links":{"self":[{"href":"https:\/\/galeriabelmonte.com\/en\/wp-json\/wp\/v2\/pages\/2597","targetHints":{"allow":["GET"]}}],"collection":[{"href":"https:\/\/galeriabelmonte.com\/en\/wp-json\/wp\/v2\/pages"}],"about":[{"href":"https:\/\/galeriabelmonte.com\/en\/wp-json\/wp\/v2\/types\/page"}],"author":[{"embeddable":true,"href":"https:\/\/galeriabelmonte.com\/en\/wp-json\/wp\/v2\/users\/1"}],"replies":[{"embeddable":true,"href":"https:\/\/galeriabelmonte.com\/en\/wp-json\/wp\/v2\/comments?post=2597"}],"version-history":[{"count":0,"href":"https:\/\/galeriabelmonte.com\/en\/wp-json\/wp\/v2\/pages\/2597\/revisions"}],"wp:attachment":[{"href":"https:\/\/galeriabelmonte.com\/en\/wp-json\/wp\/v2\/media?parent=2597"}],"curies":[{"name":"wp","href":"https:\/\/api.w.org\/{rel}","templated":true}]}}