{"id":2581,"date":"2023-10-18T10:16:49","date_gmt":"2023-10-18T10:16:49","guid":{"rendered":"https:\/\/galeriabelmonte.com\/artists\/"},"modified":"2025-06-11T16:14:10","modified_gmt":"2025-06-11T16:14:10","slug":"artists","status":"publish","type":"page","link":"https:\/\/galeriabelmonte.com\/en\/artists\/","title":{"rendered":"Artists"},"content":{"rendered":"","protected":false},"excerpt":{"rendered":"","protected":false},"author":1,"featured_media":0,"parent":0,"menu_order":0,"comment_status":"closed","ping_status":"closed","template":"","meta":{"footnotes":""},"class_list":["post-2581","page","type-page","status-publish","hentry"],"acf":[],"yoast_head":"<!-- This site is optimized with the Yoast SEO plugin v27.4 - https:\/\/yoast.com\/product\/yoast-seo-wordpress\/ -->\n<title>Artists<\/title>\n<meta name=\"description\" content=\"Belmonte | Artists: Luc\u00eda Bay\u00f3n, Andr\u00e9s Izquierdo, Augusta Lardy y Martin Llavaneras.\" \/>\n<meta name=\"robots\" content=\"index, follow, max-snippet:-1, max-image-preview:large, max-video-preview:-1\" \/>\n<link rel=\"canonical\" href=\"https:\/\/galeriabelmonte.com\/en\/artists\/\" \/>\n<meta property=\"og:locale\" content=\"en_US\" \/>\n<meta property=\"og:type\" content=\"article\" \/>\n<meta property=\"og:title\" content=\"Artists\" \/>\n<meta property=\"og:description\" content=\"Belmonte | Artists: Luc\u00eda Bay\u00f3n, Andr\u00e9s Izquierdo, Augusta Lardy y Martin Llavaneras.\" \/>\n<meta property=\"og:url\" content=\"https:\/\/galeriabelmonte.com\/en\/artists\/\" \/>\n<meta property=\"og:site_name\" content=\"Belmonte\" \/>\n<meta property=\"article:modified_time\" content=\"2025-06-11T16:14:10+00:00\" \/>\n<meta name=\"twitter:card\" content=\"summary_large_image\" \/>\n<script type=\"application\/ld+json\" class=\"yoast-schema-graph\">{\"@context\":\"https:\\\/\\\/schema.org\",\"@graph\":[{\"@type\":\"WebPage\",\"@id\":\"https:\\\/\\\/galeriabelmonte.com\\\/en\\\/artists\\\/\",\"url\":\"https:\\\/\\\/galeriabelmonte.com\\\/en\\\/artists\\\/\",\"name\":\"Artists\",\"isPartOf\":{\"@id\":\"https:\\\/\\\/galeriabelmonte.com\\\/#website\"},\"datePublished\":\"2023-10-18T10:16:49+00:00\",\"dateModified\":\"2025-06-11T16:14:10+00:00\",\"description\":\"Belmonte | Artists: Luc\u00eda Bay\u00f3n, Andr\u00e9s Izquierdo, Augusta Lardy y Martin Llavaneras.\",\"breadcrumb\":{\"@id\":\"https:\\\/\\\/galeriabelmonte.com\\\/en\\\/artists\\\/#breadcrumb\"},\"inLanguage\":\"en-US\",\"potentialAction\":[{\"@type\":\"ReadAction\",\"target\":[\"https:\\\/\\\/galeriabelmonte.com\\\/en\\\/artists\\\/\"]}]},{\"@type\":\"BreadcrumbList\",\"@id\":\"https:\\\/\\\/galeriabelmonte.com\\\/en\\\/artists\\\/#breadcrumb\",\"itemListElement\":[{\"@type\":\"ListItem\",\"position\":1,\"name\":\"Home\",\"item\":\"https:\\\/\\\/galeriabelmonte.com\\\/en\\\/\"},{\"@type\":\"ListItem\",\"position\":2,\"name\":\"Artists\"}]},{\"@type\":\"WebSite\",\"@id\":\"https:\\\/\\\/galeriabelmonte.com\\\/#website\",\"url\":\"https:\\\/\\\/galeriabelmonte.com\\\/\",\"name\":\"Belmonte\",\"description\":\"Galer\u00eda de arte contempor\u00e1neo emergente en Madrid\",\"potentialAction\":[{\"@type\":\"SearchAction\",\"target\":{\"@type\":\"EntryPoint\",\"urlTemplate\":\"https:\\\/\\\/galeriabelmonte.com\\\/?s={search_term_string}\"},\"query-input\":{\"@type\":\"PropertyValueSpecification\",\"valueRequired\":true,\"valueName\":\"search_term_string\"}}],\"inLanguage\":\"en-US\"}]}<\/script>\n<!-- \/ Yoast SEO plugin. -->","yoast_head_json":{"title":"Artists","description":"Belmonte | Artists: Luc\u00eda Bay\u00f3n, Andr\u00e9s Izquierdo, Augusta Lardy y Martin Llavaneras.","robots":{"index":"index","follow":"follow","max-snippet":"max-snippet:-1","max-image-preview":"max-image-preview:large","max-video-preview":"max-video-preview:-1"},"canonical":"https:\/\/galeriabelmonte.com\/en\/artists\/","og_locale":"en_US","og_type":"article","og_title":"Artists","og_description":"Belmonte | Artists: Luc\u00eda Bay\u00f3n, Andr\u00e9s Izquierdo, Augusta Lardy y Martin Llavaneras.","og_url":"https:\/\/galeriabelmonte.com\/en\/artists\/","og_site_name":"Belmonte","article_modified_time":"2025-06-11T16:14:10+00:00","twitter_card":"summary_large_image","schema":{"@context":"https:\/\/schema.org","@graph":[{"@type":"WebPage","@id":"https:\/\/galeriabelmonte.com\/en\/artists\/","url":"https:\/\/galeriabelmonte.com\/en\/artists\/","name":"Artists","isPartOf":{"@id":"https:\/\/galeriabelmonte.com\/#website"},"datePublished":"2023-10-18T10:16:49+00:00","dateModified":"2025-06-11T16:14:10+00:00","description":"Belmonte | Artists: Luc\u00eda Bay\u00f3n, Andr\u00e9s Izquierdo, Augusta Lardy y Martin Llavaneras.","breadcrumb":{"@id":"https:\/\/galeriabelmonte.com\/en\/artists\/#breadcrumb"},"inLanguage":"en-US","potentialAction":[{"@type":"ReadAction","target":["https:\/\/galeriabelmonte.com\/en\/artists\/"]}]},{"@type":"BreadcrumbList","@id":"https:\/\/galeriabelmonte.com\/en\/artists\/#breadcrumb","itemListElement":[{"@type":"ListItem","position":1,"name":"Home","item":"https:\/\/galeriabelmonte.com\/en\/"},{"@type":"ListItem","position":2,"name":"Artists"}]},{"@type":"WebSite","@id":"https:\/\/galeriabelmonte.com\/#website","url":"https:\/\/galeriabelmonte.com\/","name":"Belmonte","description":"Galer\u00eda de arte contempor\u00e1neo emergente en Madrid","potentialAction":[{"@type":"SearchAction","target":{"@type":"EntryPoint","urlTemplate":"https:\/\/galeriabelmonte.com\/?s={search_term_string}"},"query-input":{"@type":"PropertyValueSpecification","valueRequired":true,"valueName":"search_term_string"}}],"inLanguage":"en-US"}]}},"_links":{"self":[{"href":"https:\/\/galeriabelmonte.com\/en\/wp-json\/wp\/v2\/pages\/2581","targetHints":{"allow":["GET"]}}],"collection":[{"href":"https:\/\/galeriabelmonte.com\/en\/wp-json\/wp\/v2\/pages"}],"about":[{"href":"https:\/\/galeriabelmonte.com\/en\/wp-json\/wp\/v2\/types\/page"}],"author":[{"embeddable":true,"href":"https:\/\/galeriabelmonte.com\/en\/wp-json\/wp\/v2\/users\/1"}],"replies":[{"embeddable":true,"href":"https:\/\/galeriabelmonte.com\/en\/wp-json\/wp\/v2\/comments?post=2581"}],"version-history":[{"count":4,"href":"https:\/\/galeriabelmonte.com\/en\/wp-json\/wp\/v2\/pages\/2581\/revisions"}],"predecessor-version":[{"id":4545,"href":"https:\/\/galeriabelmonte.com\/en\/wp-json\/wp\/v2\/pages\/2581\/revisions\/4545"}],"wp:attachment":[{"href":"https:\/\/galeriabelmonte.com\/en\/wp-json\/wp\/v2\/media?parent=2581"}],"curies":[{"name":"wp","href":"https:\/\/api.w.org\/{rel}","templated":true}]}}